{"id":330,"date":"2023-03-06T10:06:16","date_gmt":"2023-03-06T16:06:16","guid":{"rendered":"https:\/\/paqueregales.com\/?page_id=330"},"modified":"2023-03-06T10:06:16","modified_gmt":"2023-03-06T16:06:16","slug":"terminos-y-condiciones","status":"publish","type":"page","link":"https:\/\/paqueregales.com\/index.php\/terminos-y-condiciones\/","title":{"rendered":"T\u00e9rminos y condiciones"},"content":{"rendered":"<p>[et_pb_section fb_built=&#8221;1&#8243; theme_builder_area=&#8221;post_content&#8221; _builder_version=&#8221;4.20.0&#8243; _module_preset=&#8221;default&#8221;][et_pb_row _builder_version=&#8221;4.20.0&#8243; _module_preset=&#8221;default&#8221; theme_builder_area=&#8221;post_content&#8221;][et_pb_column _builder_version=&#8221;4.20.0&#8243; _module_preset=&#8221;default&#8221; type=&#8221;4_4&#8243; theme_builder_area=&#8221;post_content&#8221;][et_pb_text _builder_version=&#8221;4.20.0&#8243; _module_preset=&#8221;default&#8221; theme_builder_area=&#8221;post_content&#8221; hover_enabled=&#8221;0&#8243; sticky_enabled=&#8221;0&#8243;]<\/p>\n<p><strong>T\u00e9rminos y condiciones del servicio<\/strong><\/p>\n<p>Objeto: El presente documento tiene por objeto establecer los t\u00e9rminos y condiciones que regulan la prestaci\u00f3n del servicio de dise\u00f1o e impresi\u00f3n de cajas de cart\u00f3n personalizadas por parte de PaqueRegales, en adelante &#8220;la empresa&#8221;, a los usuarios que accedan a su p\u00e1gina web.<\/p>\n<p>Aceptaci\u00f3n de los t\u00e9rminos y condiciones: Al acceder a la p\u00e1gina web y hacer uso del servicio, el usuario acepta de manera expresa y sin reservas los t\u00e9rminos y condiciones que aqu\u00ed se establecen.<\/p>\n<p>Propiedad intelectual: Todo el material contenido en la p\u00e1gina web de la empresa, incluyendo el dise\u00f1o, los textos, gr\u00e1ficos, im\u00e1genes, software, c\u00f3digos fuente y cualquier otro elemento, est\u00e1n protegidos por la normativa de propiedad intelectual y son propiedad exclusiva de la empresa.<\/p>\n<p>Uso del servicio: El usuario se compromete a utilizar el servicio ofrecido por la empresa de manera l\u00edcita, sin infringir las leyes o normas aplicables, la buena fe, la moral y las buenas costumbres.<\/p>\n<p>Pago y facturaci\u00f3n: El usuario deber\u00e1 realizar el pago correspondiente por el dise\u00f1o e impresi\u00f3n de las cajas personalizadas antes de que se proceda a su fabricaci\u00f3n. La empresa emitir\u00e1 la factura correspondiente por los servicios prestados.<\/p>\n<p>Entrega de los productos: La empresa se compromete a entregar los productos en el plazo establecido en el momento de la compra. El plazo de entrega puede variar seg\u00fan las especificaciones del pedido y la disponibilidad del material.<\/p>\n<p>Cambios y devoluciones: La empresa se compromete a garantizar la calidad de los productos. En caso de que el usuario detecte alg\u00fan defecto en la impresi\u00f3n o dise\u00f1o, podr\u00e1 solicitar un cambio o devoluci\u00f3n del producto. La empresa se reserva el derecho de aceptar o rechazar la solicitud de cambio o devoluci\u00f3n.<\/p>\n<p>Publicaci\u00f3n de fotos en redes sociales: El usuario acepta que la empresa publique fotos de las cajas impresas con la empresa en sus redes sociales. La empresa se compromete a no utilizar datos personales del usuario en dichas publicaciones.<\/p>\n<p>Modificaciones de los t\u00e9rminos y condiciones: La empresa se reserva el derecho de modificar los t\u00e9rminos y condiciones en cualquier momento y sin previo aviso. Las modificaciones entrar\u00e1n en vigor desde el momento de su publicaci\u00f3n en la p\u00e1gina web.<\/p>\n<p>Ley aplicable y jurisdicci\u00f3n: Los presentes t\u00e9rminos y condiciones se regir\u00e1n e interpretar\u00e1n de acuerdo con la legislaci\u00f3n mexicana. Cualquier controversia que pudiera derivarse del acceso o uso de la p\u00e1gina web y de los servicios prestados por la empresa se someter\u00e1 a los juzgados y tribunales competentes de M\u00e9xico.<\/p>\n<p>[\/et_pb_text][\/et_pb_column][\/et_pb_row][\/et_pb_section]<\/p>\n","protected":false},"excerpt":{"rendered":"<p>T\u00e9rminos y condiciones del servicio Objeto: El presente documento tiene por objeto establecer los t\u00e9rminos y condiciones que regulan la prestaci\u00f3n del servicio de dise\u00f1o e impresi\u00f3n de cajas de cart\u00f3n personalizadas por parte de PaqueRegales, en adelante &#8220;la empresa&#8221;, a los usuarios que accedan a su p\u00e1gina web. Aceptaci\u00f3n de los t\u00e9rminos y condiciones: [&hellip;]<\/p>\n","protected":false},"author":1,"featured_media":0,"parent":0,"menu_order":0,"comment_status":"closed","ping_status":"closed","template":"","meta":{"_et_pb_use_builder":"on","_et_pb_old_content":"","_et_gb_content_width":"","footnotes":""},"aioseo_notices":[],"_links":{"self":[{"href":"https:\/\/paqueregales.com\/index.php\/wp-json\/wp\/v2\/pages\/330"}],"collection":[{"href":"https:\/\/paqueregales.com\/index.php\/wp-json\/wp\/v2\/pages"}],"about":[{"href":"https:\/\/paqueregales.com\/index.php\/wp-json\/wp\/v2\/types\/page"}],"author":[{"embeddable":true,"href":"https:\/\/paqueregales.com\/index.php\/wp-json\/wp\/v2\/users\/1"}],"replies":[{"embeddable":true,"href":"https:\/\/paqueregales.com\/index.php\/wp-json\/wp\/v2\/comments?post=330"}],"version-history":[{"count":2,"href":"https:\/\/paqueregales.com\/index.php\/wp-json\/wp\/v2\/pages\/330\/revisions"}],"predecessor-version":[{"id":333,"href":"https:\/\/paqueregales.com\/index.php\/wp-json\/wp\/v2\/pages\/330\/revisions\/333"}],"wp:attachment":[{"href":"https:\/\/paqueregales.com\/index.php\/wp-json\/wp\/v2\/media?parent=330"}],"curies":[{"name":"wp","href":"https:\/\/api.w.org\/{rel}","templated":true}]}}