{"id":35,"date":"2023-02-21T16:51:45","date_gmt":"2023-02-21T22:51:45","guid":{"rendered":"https:\/\/paqueregales.com\/?post_type=product&#038;p=35"},"modified":"2025-10-16T23:15:27","modified_gmt":"2025-10-17T05:15:27","slug":"mailbox-20x18x3-5-cm","status":"publish","type":"product","link":"https:\/\/paqueregales.com\/index.php\/product\/mailbox-20x18x3-5-cm\/","title":{"rendered":"Mailbox 20x18x3.5 cm"},"content":{"rendered":"","protected":false},"excerpt":{"rendered":"<p>Dale un toque creativo a tus regalos con nuestras cajas de cart\u00f3n personalizadas con impresi\u00f3n digital. Ideales para guardar bisuter\u00eda, peque\u00f1os dulces y chocolates.<\/p>\n","protected":false},"featured_media":76,"comment_status":"open","ping_status":"closed","template":"","meta":{"_et_pb_use_builder":"","_et_pb_old_content":"","_et_gb_content_width":""},"product_cat":[18,19],"product_tag":[25,20,21],"aioseo_notices":[],"_links":{"self":[{"href":"https:\/\/paqueregales.com\/index.php\/wp-json\/wp\/v2\/product\/35"}],"collection":[{"href":"https:\/\/paqueregales.com\/index.php\/wp-json\/wp\/v2\/product"}],"about":[{"href":"https:\/\/paqueregales.com\/index.php\/wp-json\/wp\/v2\/types\/product"}],"replies":[{"embeddable":true,"href":"https:\/\/paqueregales.com\/index.php\/wp-json\/wp\/v2\/comments?post=35"}],"wp:featuredmedia":[{"embeddable":true,"href":"https:\/\/paqueregales.com\/index.php\/wp-json\/wp\/v2\/media\/76"}],"wp:attachment":[{"href":"https:\/\/paqueregales.com\/index.php\/wp-json\/wp\/v2\/media?parent=35"}],"wp:term":[{"taxonomy":"product_cat","embeddable":true,"href":"https:\/\/paqueregales.com\/index.php\/wp-json\/wp\/v2\/product_cat?post=35"},{"taxonomy":"product_tag","embeddable":true,"href":"https:\/\/paqueregales.com\/index.php\/wp-json\/wp\/v2\/product_tag?post=35"}],"curies":[{"name":"wp","href":"https:\/\/api.w.org\/{rel}","templated":true}]}}