{"id":37,"date":"2023-02-21T16:51:45","date_gmt":"2023-02-21T22:51:45","guid":{"rendered":"https:\/\/paqueregales.com\/?post_type=product&#038;p=37"},"modified":"2023-03-05T23:00:51","modified_gmt":"2023-03-06T05:00:51","slug":"mailbox-20x11x10-cm","status":"publish","type":"product","link":"https:\/\/paqueregales.com\/index.php\/product\/mailbox-20x11x10-cm\/","title":{"rendered":"Mailbox 20x11x10 cm"},"content":{"rendered":"","protected":false},"excerpt":{"rendered":"<p>Nuestras cajas de cart\u00f3n personalizadas con impresi\u00f3n digital son ideales para guardar regalos de tama\u00f1o peque\u00f1o y delgado como corbatas, pa\u00f1uelos y carteras.<\/p>\n","protected":false},"featured_media":50,"comment_status":"open","ping_status":"closed","template":"","meta":{"_et_pb_use_builder":"","_et_pb_old_content":"","_et_gb_content_width":""},"product_cat":[18,19],"product_tag":[29,30,21],"aioseo_notices":[],"_links":{"self":[{"href":"https:\/\/paqueregales.com\/index.php\/wp-json\/wp\/v2\/product\/37"}],"collection":[{"href":"https:\/\/paqueregales.com\/index.php\/wp-json\/wp\/v2\/product"}],"about":[{"href":"https:\/\/paqueregales.com\/index.php\/wp-json\/wp\/v2\/types\/product"}],"replies":[{"embeddable":true,"href":"https:\/\/paqueregales.com\/index.php\/wp-json\/wp\/v2\/comments?post=37"}],"wp:featuredmedia":[{"embeddable":true,"href":"https:\/\/paqueregales.com\/index.php\/wp-json\/wp\/v2\/media\/50"}],"wp:attachment":[{"href":"https:\/\/paqueregales.com\/index.php\/wp-json\/wp\/v2\/media?parent=37"}],"wp:term":[{"taxonomy":"product_cat","embeddable":true,"href":"https:\/\/paqueregales.com\/index.php\/wp-json\/wp\/v2\/product_cat?post=37"},{"taxonomy":"product_tag","embeddable":true,"href":"https:\/\/paqueregales.com\/index.php\/wp-json\/wp\/v2\/product_tag?post=37"}],"curies":[{"name":"wp","href":"https:\/\/api.w.org\/{rel}","templated":true}]}}