{"id":39,"date":"2023-02-21T16:51:45","date_gmt":"2023-02-21T22:51:45","guid":{"rendered":"https:\/\/paqueregales.com\/?post_type=product&#038;p=39"},"modified":"2024-12-19T15:45:56","modified_gmt":"2024-12-19T21:45:56","slug":"mailbox-29x16x9-cm","status":"publish","type":"product","link":"https:\/\/paqueregales.com\/index.php\/product\/mailbox-29x16x9-cm\/","title":{"rendered":"Mailbox 29x16x9 cm"},"content":{"rendered":"","protected":false},"excerpt":{"rendered":"<p>Empaca tus regalos de manera \u00fanica con nuestras cajas de cart\u00f3n personalizadas con impresi\u00f3n digital. Ideales para guardar regalos de tama\u00f1o peque\u00f1o como cosm\u00e9ticos, bisuter\u00eda y objetos electr\u00f3nicos.<\/p>\n","protected":false},"featured_media":47,"comment_status":"open","ping_status":"closed","template":"","meta":{"_et_pb_use_builder":"","_et_pb_old_content":"","_et_gb_content_width":""},"product_cat":[23,18],"product_tag":[25,34,35],"aioseo_notices":[],"_links":{"self":[{"href":"https:\/\/paqueregales.com\/index.php\/wp-json\/wp\/v2\/product\/39"}],"collection":[{"href":"https:\/\/paqueregales.com\/index.php\/wp-json\/wp\/v2\/product"}],"about":[{"href":"https:\/\/paqueregales.com\/index.php\/wp-json\/wp\/v2\/types\/product"}],"replies":[{"embeddable":true,"href":"https:\/\/paqueregales.com\/index.php\/wp-json\/wp\/v2\/comments?post=39"}],"wp:featuredmedia":[{"embeddable":true,"href":"https:\/\/paqueregales.com\/index.php\/wp-json\/wp\/v2\/media\/47"}],"wp:attachment":[{"href":"https:\/\/paqueregales.com\/index.php\/wp-json\/wp\/v2\/media?parent=39"}],"wp:term":[{"taxonomy":"product_cat","embeddable":true,"href":"https:\/\/paqueregales.com\/index.php\/wp-json\/wp\/v2\/product_cat?post=39"},{"taxonomy":"product_tag","embeddable":true,"href":"https:\/\/paqueregales.com\/index.php\/wp-json\/wp\/v2\/product_tag?post=39"}],"curies":[{"name":"wp","href":"https:\/\/api.w.org\/{rel}","templated":true}]}}