{"id":398,"date":"2023-03-23T17:11:30","date_gmt":"2023-03-23T23:11:30","guid":{"rendered":"https:\/\/paqueregales.com\/?post_type=product&#038;p=398"},"modified":"2025-09-26T04:04:52","modified_gmt":"2025-09-26T10:04:52","slug":"termo-inteligente","status":"publish","type":"product","link":"https:\/\/paqueregales.com\/index.php\/product\/termo-inteligente\/","title":{"rendered":"Termo inteligente"},"content":{"rendered":"<p>El termo inteligente de paqueregales no es solo una herramienta funcional para mantener tus bebidas calientes o fr\u00edas, es una extensi\u00f3n de tu estilo de vida y personalidad. Cada termo puede ser personalizado con una impresi\u00f3n digital de alta definici\u00f3n, lo que lo convierte en una pieza \u00fanica para ti. Adem\u00e1s, su tapa inteligente muestra la temperatura exacta, asegurando que puedas disfrutar de tu bebida favorita en su punto justo sin preocuparte por quemarte o beberla fr\u00eda. Es el compa\u00f1ero perfecto para todos tus momentos, desde la oficina hasta el aire libre. Con paqueregales, disfruta de una bebida personalizada y en la temperatura perfecta en cualquier lugar, en cualquier momento.<\/p>\n","protected":false},"excerpt":{"rendered":"<p>Este termo inteligente es mucho m\u00e1s que un simple recipiente para l\u00edquidos. Gracias a su tapa inteligente, podr\u00e1s saber en todo momento la temperatura de tu bebida. Adem\u00e1s, podr\u00e1s personalizarlo con impresi\u00f3n digital para que sea \u00fanico y especial. Lleva contigo tu bebida favorita siempre en la temperatura ideal con este termo inteligente.<\/p>\n","protected":false},"featured_media":416,"comment_status":"open","ping_status":"closed","template":"","meta":{"_et_pb_use_builder":"","_et_pb_old_content":"","_et_gb_content_width":""},"product_cat":[47,46],"product_tag":[],"aioseo_notices":[],"_links":{"self":[{"href":"https:\/\/paqueregales.com\/index.php\/wp-json\/wp\/v2\/product\/398"}],"collection":[{"href":"https:\/\/paqueregales.com\/index.php\/wp-json\/wp\/v2\/product"}],"about":[{"href":"https:\/\/paqueregales.com\/index.php\/wp-json\/wp\/v2\/types\/product"}],"replies":[{"embeddable":true,"href":"https:\/\/paqueregales.com\/index.php\/wp-json\/wp\/v2\/comments?post=398"}],"wp:featuredmedia":[{"embeddable":true,"href":"https:\/\/paqueregales.com\/index.php\/wp-json\/wp\/v2\/media\/416"}],"wp:attachment":[{"href":"https:\/\/paqueregales.com\/index.php\/wp-json\/wp\/v2\/media?parent=398"}],"wp:term":[{"taxonomy":"product_cat","embeddable":true,"href":"https:\/\/paqueregales.com\/index.php\/wp-json\/wp\/v2\/product_cat?post=398"},{"taxonomy":"product_tag","embeddable":true,"href":"https:\/\/paqueregales.com\/index.php\/wp-json\/wp\/v2\/product_tag?post=398"}],"curies":[{"name":"wp","href":"https:\/\/api.w.org\/{rel}","templated":true}]}}