{"id":41,"date":"2023-02-21T16:51:45","date_gmt":"2023-02-21T22:51:45","guid":{"rendered":"https:\/\/paqueregales.com\/?post_type=product&#038;p=41"},"modified":"2023-03-05T22:45:09","modified_gmt":"2023-03-06T04:45:09","slug":"mailbox-30x30x10-cm","status":"publish","type":"product","link":"https:\/\/paqueregales.com\/index.php\/product\/mailbox-30x30x10-cm\/","title":{"rendered":"Mailbox 30x30x10 cm"},"content":{"rendered":"","protected":false},"excerpt":{"rendered":"<p>Sorprende a tus seres queridos con nuestras cajas de cart\u00f3n personalizadas con impresi\u00f3n digital. Ideales para guardar regalos de tama\u00f1o mediano como juegos de mesa, peluches y objetos decorativos.<\/p>\n","protected":false},"featured_media":48,"comment_status":"open","ping_status":"closed","template":"","meta":{"_et_pb_use_builder":"","_et_pb_old_content":"","_et_gb_content_width":""},"product_cat":[23,18],"product_tag":[36,20,40,37,41],"aioseo_notices":[],"_links":{"self":[{"href":"https:\/\/paqueregales.com\/index.php\/wp-json\/wp\/v2\/product\/41"}],"collection":[{"href":"https:\/\/paqueregales.com\/index.php\/wp-json\/wp\/v2\/product"}],"about":[{"href":"https:\/\/paqueregales.com\/index.php\/wp-json\/wp\/v2\/types\/product"}],"replies":[{"embeddable":true,"href":"https:\/\/paqueregales.com\/index.php\/wp-json\/wp\/v2\/comments?post=41"}],"wp:featuredmedia":[{"embeddable":true,"href":"https:\/\/paqueregales.com\/index.php\/wp-json\/wp\/v2\/media\/48"}],"wp:attachment":[{"href":"https:\/\/paqueregales.com\/index.php\/wp-json\/wp\/v2\/media?parent=41"}],"wp:term":[{"taxonomy":"product_cat","embeddable":true,"href":"https:\/\/paqueregales.com\/index.php\/wp-json\/wp\/v2\/product_cat?post=41"},{"taxonomy":"product_tag","embeddable":true,"href":"https:\/\/paqueregales.com\/index.php\/wp-json\/wp\/v2\/product_tag?post=41"}],"curies":[{"name":"wp","href":"https:\/\/api.w.org\/{rel}","templated":true}]}}